{"id":15,"date":"2023-10-21T19:38:37","date_gmt":"2023-10-21T17:38:37","guid":{"rendered":"https:\/\/bref-spc.fr\/?page_id=15"},"modified":"2026-01-19T10:59:34","modified_gmt":"2026-01-19T09:59:34","slug":"a-propos","status":"publish","type":"page","link":"https:\/\/bref-spc.fr\/index.php\/a-propos\/","title":{"rendered":"\u00c0 propos"},"content":{"rendered":"\n<h2 class=\"wp-block-heading\">Qui sommes-nous ?<\/h2>\n\n\n\n<p class=\"has-medium-font-size\"><\/p>\n\n\n\n<p class=\"has-medium-font-size\">Bienvenue sur Bref ! \u00c9tudiants au lyc\u00e9e Saint-Pierre Chanel, nous avons pour objectif de vous proposer chaque semaine plusieurs articles r\u00e9dig\u00e9s par nos soins. Rendez-vous tous les lundis \u00e0 16h pour en apprendre un peu plus sur des sujets divers et vari\u00e9s, o\u00f9 chacun pourra trouver son bonheur!&nbsp;<\/p>\n\n\n\n<h2 class=\"wp-block-heading\">Notre \u00e9quipe<\/h2>\n\n\n\n<p><\/p>\n\n\n<div class=\"bp-block-members avatar-full is-grid columns-4\"><\/div>\n\n\n<h2 class=\"wp-block-heading\">Les pr\u00e9c\u00e9dentes \u00e9quipes<\/h2>\n\n\n\n<figure class=\"wp-block-gallery has-nested-images columns-default is-cropped wp-block-gallery-1 is-layout-flex wp-block-gallery-is-layout-flex\">\n<figure class=\"wp-block-image size-large\"><img loading=\"lazy\" decoding=\"async\" width=\"1024\" height=\"1024\" data-id=\"738\" src=\"https:\/\/bref-spc.fr\/wp-content\/uploads\/2024\/06\/Clap-de-fin-pour-notre-equipe-On-est-ravis-davoir-pu-vous-partager-nos-articles-et-merci-aux-contributeurs-Grace-a-Bref-tous-les-gens-sur-ces-photos-sont-devenus-amis-et-on-espere-quil-en-sera-de-meme-pour-1024x1024.jpg\" alt=\"\" class=\"wp-image-738\" srcset=\"https:\/\/bref-spc.fr\/wp-content\/uploads\/2024\/06\/Clap-de-fin-pour-notre-equipe-On-est-ravis-davoir-pu-vous-partager-nos-articles-et-merci-aux-contributeurs-Grace-a-Bref-tous-les-gens-sur-ces-photos-sont-devenus-amis-et-on-espere-quil-en-sera-de-meme-pour-1024x1024.jpg 1024w, https:\/\/bref-spc.fr\/wp-content\/uploads\/2024\/06\/Clap-de-fin-pour-notre-equipe-On-est-ravis-davoir-pu-vous-partager-nos-articles-et-merci-aux-contributeurs-Grace-a-Bref-tous-les-gens-sur-ces-photos-sont-devenus-amis-et-on-espere-quil-en-sera-de-meme-pour-300x300.jpg 300w, https:\/\/bref-spc.fr\/wp-content\/uploads\/2024\/06\/Clap-de-fin-pour-notre-equipe-On-est-ravis-davoir-pu-vous-partager-nos-articles-et-merci-aux-contributeurs-Grace-a-Bref-tous-les-gens-sur-ces-photos-sont-devenus-amis-et-on-espere-quil-en-sera-de-meme-pour-150x150.jpg 150w, https:\/\/bref-spc.fr\/wp-content\/uploads\/2024\/06\/Clap-de-fin-pour-notre-equipe-On-est-ravis-davoir-pu-vous-partager-nos-articles-et-merci-aux-contributeurs-Grace-a-Bref-tous-les-gens-sur-ces-photos-sont-devenus-amis-et-on-espere-quil-en-sera-de-meme-pour-768x768.jpg 768w, https:\/\/bref-spc.fr\/wp-content\/uploads\/2024\/06\/Clap-de-fin-pour-notre-equipe-On-est-ravis-davoir-pu-vous-partager-nos-articles-et-merci-aux-contributeurs-Grace-a-Bref-tous-les-gens-sur-ces-photos-sont-devenus-amis-et-on-espere-quil-en-sera-de-meme-pour.jpg 1040w\" sizes=\"auto, (max-width: 1024px) 100vw, 1024px\" \/><figcaption class=\"wp-element-caption\">2022\/2023<\/figcaption><\/figure>\n\n\n\n<figure class=\"wp-block-image size-large\"><img loading=\"lazy\" decoding=\"async\" width=\"1024\" height=\"969\" data-id=\"740\" src=\"https:\/\/bref-spc.fr\/wp-content\/uploads\/2024\/06\/WhatsApp-Image-2024-06-08-a-18.20.28_fee9fe83-1024x969.jpg\" alt=\"\" class=\"wp-image-740\" srcset=\"https:\/\/bref-spc.fr\/wp-content\/uploads\/2024\/06\/WhatsApp-Image-2024-06-08-a-18.20.28_fee9fe83-1024x969.jpg 1024w, https:\/\/bref-spc.fr\/wp-content\/uploads\/2024\/06\/WhatsApp-Image-2024-06-08-a-18.20.28_fee9fe83-300x284.jpg 300w, https:\/\/bref-spc.fr\/wp-content\/uploads\/2024\/06\/WhatsApp-Image-2024-06-08-a-18.20.28_fee9fe83-768x727.jpg 768w, https:\/\/bref-spc.fr\/wp-content\/uploads\/2024\/06\/WhatsApp-Image-2024-06-08-a-18.20.28_fee9fe83-1320x1249.jpg 1320w, https:\/\/bref-spc.fr\/wp-content\/uploads\/2024\/06\/WhatsApp-Image-2024-06-08-a-18.20.28_fee9fe83.jpg 1536w\" sizes=\"auto, (max-width: 1024px) 100vw, 1024px\" \/><figcaption class=\"wp-element-caption\">2023\/2024<\/figcaption><\/figure>\n\n\n\n<figure class=\"wp-block-image size-large\"><img loading=\"lazy\" decoding=\"async\" width=\"1024\" height=\"768\" data-id=\"1252\" src=\"https:\/\/bref-spc.fr\/wp-content\/uploads\/2025\/07\/IMG_20250320_154759-3-1024x768.jpg\" alt=\"\" class=\"wp-image-1252\" srcset=\"https:\/\/bref-spc.fr\/wp-content\/uploads\/2025\/07\/IMG_20250320_154759-3-1024x768.jpg 1024w, https:\/\/bref-spc.fr\/wp-content\/uploads\/2025\/07\/IMG_20250320_154759-3-300x225.jpg 300w, https:\/\/bref-spc.fr\/wp-content\/uploads\/2025\/07\/IMG_20250320_154759-3-768x576.jpg 768w, https:\/\/bref-spc.fr\/wp-content\/uploads\/2025\/07\/IMG_20250320_154759-3-1536x1152.jpg 1536w, https:\/\/bref-spc.fr\/wp-content\/uploads\/2025\/07\/IMG_20250320_154759-3-2048x1536.jpg 2048w\" sizes=\"auto, (max-width: 1024px) 100vw, 1024px\" \/><figcaption class=\"wp-element-caption\">2024\/2025 &#8211; Il manque des membres ;(<\/figcaption><\/figure>\n<\/figure>\n\n\n\n<p><\/p>\n","protected":false},"excerpt":{"rendered":"<p>Qui sommes-nous ? Bienvenue sur Bref ! \u00c9tudiants au lyc\u00e9e Saint-Pierre Chanel, nous avons pour objectif de vous proposer chaque semaine plusieurs articles r\u00e9dig\u00e9s par nos soins. Rendez-vous tous les lundis \u00e0 16h pour en apprendre un peu plus sur des sujets divers et vari\u00e9s, o\u00f9 chacun pourra trouver son bonheur!&nbsp; Notre \u00e9quipe Les pr\u00e9c\u00e9dentes &#8230; <a title=\"\u00c0 propos\" class=\"read-more\" href=\"https:\/\/bref-spc.fr\/index.php\/a-propos\/\" aria-label=\"En savoir plus sur \u00c0 propos\">Lire la suite<\/a><\/p>\n","protected":false},"author":1,"featured_media":0,"parent":0,"menu_order":0,"comment_status":"closed","ping_status":"closed","template":"","meta":{"om_disable_all_campaigns":false,"_monsterinsights_skip_tracking":false,"_monsterinsights_sitenote_active":false,"_monsterinsights_sitenote_note":"","_monsterinsights_sitenote_category":0,"cybocfi_hide_featured_image":"","footnotes":""},"class_list":["post-15","page","type-page","status-publish"],"aioseo_notices":[],"_links":{"self":[{"href":"https:\/\/bref-spc.fr\/index.php\/wp-json\/wp\/v2\/pages\/15","targetHints":{"allow":["GET"]}}],"collection":[{"href":"https:\/\/bref-spc.fr\/index.php\/wp-json\/wp\/v2\/pages"}],"about":[{"href":"https:\/\/bref-spc.fr\/index.php\/wp-json\/wp\/v2\/types\/page"}],"author":[{"embeddable":true,"href":"https:\/\/bref-spc.fr\/index.php\/wp-json\/wp\/v2\/users\/1"}],"replies":[{"embeddable":true,"href":"https:\/\/bref-spc.fr\/index.php\/wp-json\/wp\/v2\/comments?post=15"}],"version-history":[{"count":20,"href":"https:\/\/bref-spc.fr\/index.php\/wp-json\/wp\/v2\/pages\/15\/revisions"}],"predecessor-version":[{"id":1400,"href":"https:\/\/bref-spc.fr\/index.php\/wp-json\/wp\/v2\/pages\/15\/revisions\/1400"}],"wp:attachment":[{"href":"https:\/\/bref-spc.fr\/index.php\/wp-json\/wp\/v2\/media?parent=15"}],"curies":[{"name":"wp","href":"https:\/\/api.w.org\/{rel}","templated":true}]}}